{"id":4055,"date":"2026-04-09T13:30:27","date_gmt":"2026-04-09T11:30:27","guid":{"rendered":"https:\/\/devakitchen.com\/MEEM\/politique-cookies\/"},"modified":"2026-04-09T13:34:05","modified_gmt":"2026-04-09T11:34:05","slug":"politique-cookies","status":"publish","type":"page","link":"https:\/\/devakitchen.com\/MEEM\/politique-cookies\/","title":{"rendered":"Politique Cookies"},"content":{"rendered":"<h2>Notre Politique Cookies<\/h2>\n<h3>Un cookie, qu&rsquo;est-ce que c&rsquo;est ?<\/h3>\n<p>Un cookie est un petit fichier texte au format alphanum\u00e9rique d\u00e9pos\u00e9 sur votre disque dur lorsque vous visitez notre site. Les cookies sont d\u00e9pos\u00e9s par notre serveur et ceux de nos partenaires (r\u00e9gie publicitaire, service de web analytique, etc.). Votre navigateur web conserve les cookies pendant une certaine dur\u00e9e qui varie en fonction de leurs sp\u00e9cificit\u00e9s. Ils sont confidentiels et pr\u00e9servent votre anonymat.<\/p>\n<h3>Un cookie = une finalit\u00e9<\/h3>\n<p>Tous nos cookies ont un objectif diff\u00e9rent.<\/p>\n<h4>Les cookies int\u00e9gr\u00e9s automatiquement :<\/h4>\n<p><strong>Cookies fonctionnels et techniques<\/strong><br \/>Ils servent \u00e0 m\u00e9moriser vos choix et vos pr\u00e9f\u00e9rences ainsi qu&rsquo;\u00e0 concevoir des fonctionnalit\u00e9s pour faciliter la navigation. Ils sont indispensables au bon fonctionnement du site et sa capacit\u00e9 \u00e0 fournir des services.<\/p>\n<h4>Les cookies \u00e0 votre main :<\/h4>\n<p><strong>Cookies pour mesurer l&rsquo;audience<\/strong><br \/>Ils permettent d&rsquo;analyser l&rsquo;utilisation de notre site web afin de mesurer son audience pour am\u00e9liorer sa performance et adapter nos services. Certains cookies pour mesurer l&rsquo;audience sont exempt\u00e9s de consentement.<\/p>\n<h3>Liste des cookies utilis\u00e9s<\/h3>\n<table style=\"width:100%;border-collapse:collapse;margin:20px 0;\">\n<thead>\n<tr style=\"background-color:#2c4367;color:#fff;\">\n<th style=\"padding:12px;text-align:left;border:1px solid #d7dde5;\">Nom du cookie<\/th>\n<th style=\"padding:12px;text-align:left;border:1px solid #d7dde5;\">Domaine<\/th>\n<th style=\"padding:12px;text-align:left;border:1px solid #d7dde5;\">Finalit\u00e9<\/th>\n<th style=\"padding:12px;text-align:left;border:1px solid #d7dde5;\">Dur\u00e9e de conservation<\/th>\n<\/tr>\n<\/thead>\n<tbody>\n<tr>\n<td style=\"padding:10px;border:1px solid #d7dde5;\">wordpress_logged_in_*<\/td>\n<td style=\"padding:10px;border:1px solid #d7dde5;\">devakitchen.com<\/td>\n<td style=\"padding:10px;border:1px solid #d7dde5;\">Cookie fonctionnel \u2013 Maintien de la session utilisateur connect\u00e9.<\/td>\n<td style=\"padding:10px;border:1px solid #d7dde5;\">Session<\/td>\n<\/tr>\n<tr>\n<td style=\"padding:10px;border:1px solid #d7dde5;\">wordpress_sec_*<\/td>\n<td style=\"padding:10px;border:1px solid #d7dde5;\">devakitchen.com<\/td>\n<td style=\"padding:10px;border:1px solid #d7dde5;\">Cookie fonctionnel \u2013 S\u00e9curisation de l&rsquo;authentification.<\/td>\n<td style=\"padding:10px;border:1px solid #d7dde5;\">Session<\/td>\n<\/tr>\n<tr>\n<td style=\"padding:10px;border:1px solid #d7dde5;\">wordpress_test_cookie<\/td>\n<td style=\"padding:10px;border:1px solid #d7dde5;\">devakitchen.com<\/td>\n<td style=\"padding:10px;border:1px solid #d7dde5;\">Cookie technique \u2013 V\u00e9rifie que le navigateur accepte les cookies.<\/td>\n<td style=\"padding:10px;border:1px solid #d7dde5;\">Session<\/td>\n<\/tr>\n<tr>\n<td style=\"padding:10px;border:1px solid #d7dde5;\">wp-settings-*<\/td>\n<td style=\"padding:10px;border:1px solid #d7dde5;\">devakitchen.com<\/td>\n<td style=\"padding:10px;border:1px solid #d7dde5;\">Cookie fonctionnel \u2013 M\u00e9morise les pr\u00e9f\u00e9rences de l&rsquo;interface.<\/td>\n<td style=\"padding:10px;border:1px solid #d7dde5;\">1 an<\/td>\n<\/tr>\n<tr>\n<td style=\"padding:10px;border:1px solid #d7dde5;\">_pa_vid<\/td>\n<td style=\"padding:10px;border:1px solid #d7dde5;\">devakitchen.com<\/td>\n<td style=\"padding:10px;border:1px solid #d7dde5;\">Mesure d&rsquo;audience \u2013 Piano Analytics (AT Internet). Identifiant visiteur unique.<\/td>\n<td style=\"padding:10px;border:1px solid #d7dde5;\">13 mois<\/td>\n<\/tr>\n<tr>\n<td style=\"padding:10px;border:1px solid #d7dde5;\">pa_vid<\/td>\n<td style=\"padding:10px;border:1px solid #d7dde5;\">devakitchen.com<\/td>\n<td style=\"padding:10px;border:1px solid #d7dde5;\">Mesure d&rsquo;audience \u2013 Piano Analytics (AT Internet). Identifiant visiteur.<\/td>\n<td style=\"padding:10px;border:1px solid #d7dde5;\">13 mois<\/td>\n<\/tr>\n<tr>\n<td style=\"padding:10px;border:1px solid #d7dde5;\">pa_privacy<\/td>\n<td style=\"padding:10px;border:1px solid #d7dde5;\">devakitchen.com<\/td>\n<td style=\"padding:10px;border:1px solid #d7dde5;\">Mesure d&rsquo;audience \u2013 Piano Analytics. Stocke le choix de consentement.<\/td>\n<td style=\"padding:10px;border:1px solid #d7dde5;\">13 mois<\/td>\n<\/tr>\n<\/tbody>\n<\/table>\n<h3>Mieux comprendre le param\u00e9trage des cookies<\/h3>\n<p>Pour am\u00e9liorer la qualit\u00e9 de votre navigation, votre choix de param\u00e9trage de cookies sera conserv\u00e9 13 mois. Au-del\u00e0 de cette p\u00e9riode, vous devrez les param\u00e9trer \u00e0 nouveau \u00e0 partir du bandeau d&rsquo;affichage. Bien entendu, vous disposez toujours de la possibilit\u00e9 de g\u00e9rer votre choix (acceptation ou refus).<\/p>\n<p>En cas de refus des cookies, certaines fonctionnalit\u00e9s du site, pages, espaces du site peuvent ne pas \u00eatre accessibles.<\/p>\n<h3>Bon \u00e0 savoir<\/h3>\n<p>La gestion des cookies peut varier en fonction des navigateurs. Les modes de param\u00e9trages sont disponibles depuis le menu d&rsquo;aide de chaque navigateur. D\u00e9couvrez comment les g\u00e9rer :<\/p>\n<ul>\n<li><a href=\"https:\/\/support.google.com\/chrome\/answer\/95647?hl=fr\" target=\"_blank\" rel=\"noopener\">Avec Chrome<\/a><\/li>\n<li><a href=\"https:\/\/support.microsoft.com\/fr-fr\/topic\/supprimer-et-g%C3%A9rer-les-cookies-168dab11-0753-043d-7c16-ede5947fc64d\" target=\"_blank\" rel=\"noopener\">Avec Internet Explorer<\/a><\/li>\n<li><a href=\"https:\/\/support.apple.com\/fr-fr\/guide\/safari\/sfri11471\/mac\" target=\"_blank\" rel=\"noopener\">Avec Safari<\/a><\/li>\n<li><a href=\"https:\/\/support.mozilla.org\/fr\/kb\/protection-renforcee-contre-pistage-firefox-ordinateur\" target=\"_blank\" rel=\"noopener\">Avec Firefox<\/a><\/li>\n<li><a href=\"https:\/\/help.opera.com\/en\/latest\/web-preferences\/\" target=\"_blank\" rel=\"noopener\">Avec Op\u00e9ra<\/a><\/li>\n<li><a href=\"https:\/\/support.microsoft.com\/fr-fr\/microsoft-edge\/supprimer-les-cookies-dans-microsoft-edge-63947406-40ac-c3b8-57b9-2a946a29ae09\" target=\"_blank\" rel=\"noopener\">Avec Microsoft Edge<\/a><\/li>\n<\/ul>\n<p>Pour en savoir plus sur la mani\u00e8re de param\u00e9trer vos logiciels de navigation, nous vous invitons \u00e0 consulter le site de la Commission nationale de l&rsquo;informatique et des libert\u00e9s : <a href=\"https:\/\/www.cnil.fr\/fr\/cookies-les-outils-pour-les-maitriser\" target=\"_blank\" rel=\"noopener\">Cookies : les outils pour les ma\u00eetriser<\/a>.<\/p>\n<h3>Mise \u00e0 jour<\/h3>\n<p>Cette Politique peut \u00eatre modifi\u00e9e et corrig\u00e9e.<br \/>Politique mise \u00e0 jour au 26 mars 2024.<\/p>\n","protected":false},"excerpt":{"rendered":"<p>Notre Politique Cookies Un cookie, qu&rsquo;est-ce que c&rsquo;est ? Un cookie est un petit fichier texte au format alphanum\u00e9rique d\u00e9pos\u00e9 sur votre disque dur lorsque vous visitez notre site. Les cookies sont d\u00e9pos\u00e9s par notre serveur et ceux de nos partenaires (r\u00e9gie publicitaire, service de web analytique, etc.). Votre navigateur web conserve les cookies pendant [&hellip;]<\/p>\n","protected":false},"author":0,"featured_media":0,"parent":0,"menu_order":0,"comment_status":"closed","ping_status":"closed","template":"","meta":{"_acf_changed":false,"footnotes":""},"class_list":["post-4055","page","type-page","status-publish","hentry"],"acf":[],"yoast_head":"<!-- This site is optimized with the Yoast SEO plugin v27.4 - https:\/\/yoast.com\/product\/yoast-seo-wordpress\/ -->\n<title>Politique Cookies - Mon Entreprise et Moi<\/title>\n<meta name=\"robots\" content=\"noindex, follow, max-snippet:-1, max-image-preview:large, max-video-preview:-1\" \/>\n<meta property=\"og:locale\" content=\"fr_FR\" \/>\n<meta property=\"og:type\" content=\"article\" \/>\n<meta property=\"og:title\" content=\"Politique Cookies - Mon Entreprise et Moi\" \/>\n<meta property=\"og:description\" content=\"Notre Politique Cookies Un cookie, qu&rsquo;est-ce que c&rsquo;est ? Un cookie est un petit fichier texte au format alphanum\u00e9rique d\u00e9pos\u00e9 sur votre disque dur lorsque vous visitez notre site. Les cookies sont d\u00e9pos\u00e9s par notre serveur et ceux de nos partenaires (r\u00e9gie publicitaire, service de web analytique, etc.). Votre navigateur web conserve les cookies pendant [&hellip;]\" \/>\n<meta property=\"og:url\" content=\"https:\/\/devakitchen.com\/MEEM\/politique-cookies\/\" \/>\n<meta property=\"og:site_name\" content=\"Mon Entreprise et Moi\" \/>\n<meta property=\"article:modified_time\" content=\"2026-04-09T11:34:05+00:00\" \/>\n<meta name=\"twitter:card\" content=\"summary_large_image\" \/>\n<meta name=\"twitter:label1\" content=\"Dur\u00e9e de lecture estim\u00e9e\" \/>\n\t<meta name=\"twitter:data1\" content=\"2 minutes\" \/>\n<script type=\"application\/ld+json\" class=\"yoast-schema-graph\">{\"@context\":\"https:\\\/\\\/schema.org\",\"@graph\":[{\"@type\":\"WebPage\",\"@id\":\"https:\\\/\\\/devakitchen.com\\\/MEEM\\\/politique-cookies\\\/\",\"url\":\"https:\\\/\\\/devakitchen.com\\\/MEEM\\\/politique-cookies\\\/\",\"name\":\"Politique Cookies - Mon Entreprise et Moi\",\"isPartOf\":{\"@id\":\"https:\\\/\\\/devakitchen.com\\\/MEEM\\\/#website\"},\"datePublished\":\"2026-04-09T11:30:27+00:00\",\"dateModified\":\"2026-04-09T11:34:05+00:00\",\"breadcrumb\":{\"@id\":\"https:\\\/\\\/devakitchen.com\\\/MEEM\\\/politique-cookies\\\/#breadcrumb\"},\"inLanguage\":\"fr-FR\",\"potentialAction\":[{\"@type\":\"ReadAction\",\"target\":[\"https:\\\/\\\/devakitchen.com\\\/MEEM\\\/politique-cookies\\\/\"]}]},{\"@type\":\"BreadcrumbList\",\"@id\":\"https:\\\/\\\/devakitchen.com\\\/MEEM\\\/politique-cookies\\\/#breadcrumb\",\"itemListElement\":[{\"@type\":\"ListItem\",\"position\":1,\"name\":\"Accueil\",\"item\":\"https:\\\/\\\/devakitchen.com\\\/MEEM\\\/\"},{\"@type\":\"ListItem\",\"position\":2,\"name\":\"Politique Cookies\"}]},{\"@type\":\"WebSite\",\"@id\":\"https:\\\/\\\/devakitchen.com\\\/MEEM\\\/#website\",\"url\":\"https:\\\/\\\/devakitchen.com\\\/MEEM\\\/\",\"name\":\"Mon Entreprise et Moi\",\"description\":\"\",\"publisher\":{\"@id\":\"https:\\\/\\\/devakitchen.com\\\/MEEM\\\/#organization\"},\"potentialAction\":[{\"@type\":\"SearchAction\",\"target\":{\"@type\":\"EntryPoint\",\"urlTemplate\":\"https:\\\/\\\/devakitchen.com\\\/MEEM\\\/?s={search_term_string}\"},\"query-input\":{\"@type\":\"PropertyValueSpecification\",\"valueRequired\":true,\"valueName\":\"search_term_string\"}}],\"inLanguage\":\"fr-FR\"},{\"@type\":\"Organization\",\"@id\":\"https:\\\/\\\/devakitchen.com\\\/MEEM\\\/#organization\",\"name\":\"Mon Entreprise et Moi\",\"url\":\"https:\\\/\\\/devakitchen.com\\\/MEEM\\\/\",\"logo\":{\"@type\":\"ImageObject\",\"inLanguage\":\"fr-FR\",\"@id\":\"https:\\\/\\\/devakitchen.com\\\/MEEM\\\/#\\\/schema\\\/logo\\\/image\\\/\",\"url\":\"\",\"contentUrl\":\"\",\"caption\":\"Mon Entreprise et Moi\"},\"image\":{\"@id\":\"https:\\\/\\\/devakitchen.com\\\/MEEM\\\/#\\\/schema\\\/logo\\\/image\\\/\"}}]}<\/script>\n<!-- \/ Yoast SEO plugin. -->","yoast_head_json":{"title":"Politique Cookies - Mon Entreprise et Moi","robots":{"index":"noindex","follow":"follow","max-snippet":"max-snippet:-1","max-image-preview":"max-image-preview:large","max-video-preview":"max-video-preview:-1"},"og_locale":"fr_FR","og_type":"article","og_title":"Politique Cookies - Mon Entreprise et Moi","og_description":"Notre Politique Cookies Un cookie, qu&rsquo;est-ce que c&rsquo;est ? Un cookie est un petit fichier texte au format alphanum\u00e9rique d\u00e9pos\u00e9 sur votre disque dur lorsque vous visitez notre site. Les cookies sont d\u00e9pos\u00e9s par notre serveur et ceux de nos partenaires (r\u00e9gie publicitaire, service de web analytique, etc.). Votre navigateur web conserve les cookies pendant [&hellip;]","og_url":"https:\/\/devakitchen.com\/MEEM\/politique-cookies\/","og_site_name":"Mon Entreprise et Moi","article_modified_time":"2026-04-09T11:34:05+00:00","twitter_card":"summary_large_image","twitter_misc":{"Dur\u00e9e de lecture estim\u00e9e":"2 minutes"},"schema":{"@context":"https:\/\/schema.org","@graph":[{"@type":"WebPage","@id":"https:\/\/devakitchen.com\/MEEM\/politique-cookies\/","url":"https:\/\/devakitchen.com\/MEEM\/politique-cookies\/","name":"Politique Cookies - Mon Entreprise et Moi","isPartOf":{"@id":"https:\/\/devakitchen.com\/MEEM\/#website"},"datePublished":"2026-04-09T11:30:27+00:00","dateModified":"2026-04-09T11:34:05+00:00","breadcrumb":{"@id":"https:\/\/devakitchen.com\/MEEM\/politique-cookies\/#breadcrumb"},"inLanguage":"fr-FR","potentialAction":[{"@type":"ReadAction","target":["https:\/\/devakitchen.com\/MEEM\/politique-cookies\/"]}]},{"@type":"BreadcrumbList","@id":"https:\/\/devakitchen.com\/MEEM\/politique-cookies\/#breadcrumb","itemListElement":[{"@type":"ListItem","position":1,"name":"Accueil","item":"https:\/\/devakitchen.com\/MEEM\/"},{"@type":"ListItem","position":2,"name":"Politique Cookies"}]},{"@type":"WebSite","@id":"https:\/\/devakitchen.com\/MEEM\/#website","url":"https:\/\/devakitchen.com\/MEEM\/","name":"Mon Entreprise et Moi","description":"","publisher":{"@id":"https:\/\/devakitchen.com\/MEEM\/#organization"},"potentialAction":[{"@type":"SearchAction","target":{"@type":"EntryPoint","urlTemplate":"https:\/\/devakitchen.com\/MEEM\/?s={search_term_string}"},"query-input":{"@type":"PropertyValueSpecification","valueRequired":true,"valueName":"search_term_string"}}],"inLanguage":"fr-FR"},{"@type":"Organization","@id":"https:\/\/devakitchen.com\/MEEM\/#organization","name":"Mon Entreprise et Moi","url":"https:\/\/devakitchen.com\/MEEM\/","logo":{"@type":"ImageObject","inLanguage":"fr-FR","@id":"https:\/\/devakitchen.com\/MEEM\/#\/schema\/logo\/image\/","url":"","contentUrl":"","caption":"Mon Entreprise et Moi"},"image":{"@id":"https:\/\/devakitchen.com\/MEEM\/#\/schema\/logo\/image\/"}}]}},"_links":{"self":[{"href":"https:\/\/devakitchen.com\/MEEM\/wp-json\/wp\/v2\/pages\/4055","targetHints":{"allow":["GET"]}}],"collection":[{"href":"https:\/\/devakitchen.com\/MEEM\/wp-json\/wp\/v2\/pages"}],"about":[{"href":"https:\/\/devakitchen.com\/MEEM\/wp-json\/wp\/v2\/types\/page"}],"replies":[{"embeddable":true,"href":"https:\/\/devakitchen.com\/MEEM\/wp-json\/wp\/v2\/comments?post=4055"}],"version-history":[{"count":2,"href":"https:\/\/devakitchen.com\/MEEM\/wp-json\/wp\/v2\/pages\/4055\/revisions"}],"predecessor-version":[{"id":4057,"href":"https:\/\/devakitchen.com\/MEEM\/wp-json\/wp\/v2\/pages\/4055\/revisions\/4057"}],"wp:attachment":[{"href":"https:\/\/devakitchen.com\/MEEM\/wp-json\/wp\/v2\/media?parent=4055"}],"curies":[{"name":"wp","href":"https:\/\/api.w.org\/{rel}","templated":true}]}}